{"id":5136,"date":"2025-03-13T11:28:46","date_gmt":"2025-03-13T16:28:46","guid":{"rendered":"https:\/\/publievolucion.com\/?page_id=5136"},"modified":"2025-09-24T20:17:49","modified_gmt":"2025-09-25T01:17:49","slug":"diseno-grafico","status":"publish","type":"page","link":"https:\/\/publievolucion.com\/?page_id=5136","title":{"rendered":"DISE\u00d1O GR\u00c1FICO"},"content":{"rendered":"\t\t<div data-elementor-type=\"wp-page\" data-elementor-id=\"5136\" class=\"elementor elementor-5136\">\n\t\t\t\t<div class=\"elementor-element elementor-element-04539c9 e-con-full e-flex e-con e-child\" data-id=\"04539c9\" data-element_type=\"container\" data-settings=\"{&quot;shape_divider_top&quot;:&quot;mountains&quot;}\">\n\t\t\t\t<div class=\"elementor-shape elementor-shape-top\" data-negative=\"false\">\n\t\t\t<svg xmlns=\"http:\/\/www.w3.org\/2000\/svg\" viewBox=\"0 0 1000 100\" preserveAspectRatio=\"none\">\n\t<path class=\"elementor-shape-fill\" opacity=\"0.33\" d=\"M473,67.3c-203.9,88.3-263.1-34-320.3,0C66,119.1,0,59.7,0,59.7V0h1000v59.7 c0,0-62.1,26.1-94.9,29.3c-32.8,3.3-62.8-12.3-75.8-22.1C806,49.6,745.3,8.7,694.9,4.7S492.4,59,473,67.3z\"\/>\n\t<path class=\"elementor-shape-fill\" opacity=\"0.66\" d=\"M734,67.3c-45.5,0-77.2-23.2-129.1-39.1c-28.6-8.7-150.3-10.1-254,39.1 s-91.7-34.4-149.2,0C115.7,118.3,0,39.8,0,39.8V0h1000v36.5c0,0-28.2-18.5-92.1-18.5C810.2,18.1,775.7,67.3,734,67.3z\"\/>\n\t<path class=\"elementor-shape-fill\" d=\"M766.1,28.9c-200-57.5-266,65.5-395.1,19.5C242,1.8,242,5.4,184.8,20.6C128,35.8,132.3,44.9,89.9,52.5C28.6,63.7,0,0,0,0 h1000c0,0-9.9,40.9-83.6,48.1S829.6,47,766.1,28.9z\"\/>\n<\/svg>\t\t<\/div>\n\t\t\t\t<\/div>\n\t\t<div class=\"elementor-element elementor-element-5f6555e e-con-full e-flex e-con e-parent\" data-id=\"5f6555e\" data-element_type=\"container\">\n\t\t<div class=\"elementor-element elementor-element-187c329 e-flex e-con-boxed e-con e-child\" data-id=\"187c329\" data-element_type=\"container\">\n\t\t\t\t\t<div class=\"e-con-inner\">\n\t\t<div class=\"elementor-element elementor-element-c5d3e0a e-con-full e-flex e-con e-child\" data-id=\"c5d3e0a\" data-element_type=\"container\">\n\t\t<div class=\"elementor-element elementor-element-d0cb881 e-con-full e-flex e-con e-child\" data-id=\"d0cb881\" data-element_type=\"container\">\n\t\t\t\t<div class=\"elementor-element elementor-element-85d9b92 elementor-align-center elementor-mobile-align-left elementor-widget elementor-widget-button\" data-id=\"85d9b92\" data-element_type=\"widget\" data-widget_type=\"button.default\">\n\t\t\t\t<div class=\"elementor-widget-container\">\n\t\t\t\t\t\t\t\t\t<div class=\"elementor-button-wrapper\">\n\t\t\t\t\t<a class=\"elementor-button elementor-button-link elementor-size-sm\" href=\"#elementor-action%3Aaction%3Dpopup%3Aopen%26settings%3DeyJpZCI6IjU2NTciLCJ0b2dnbGUiOmZhbHNlfQ%3D%3D\" emergente=\"\">\n\t\t\t\t\t\t<span class=\"elementor-button-content-wrapper\">\n\t\t\t\t\t\t<span class=\"elementor-button-icon\">\n\t\t\t\t<i aria-hidden=\"true\" class=\"fas fa-bars\"><\/i>\t\t\t<\/span>\n\t\t\t\t\t\t\t\t<\/span>\n\t\t\t\t\t<\/a>\n\t\t\t\t<\/div>\n\t\t\t\t\t\t\t\t<\/div>\n\t\t\t\t<\/div>\n\t\t\t\t<\/div>\n\t\t<div class=\"elementor-element elementor-element-9f6ca79 e-con-full e-flex e-con e-child\" data-id=\"9f6ca79\" data-element_type=\"container\">\n\t\t\t\t<div class=\"elementor-element elementor-element-bbaeb1e elementor-widget elementor-widget-image\" data-id=\"bbaeb1e\" data-element_type=\"widget\" data-widget_type=\"image.default\">\n\t\t\t\t<div class=\"elementor-widget-container\">\n\t\t\t\t\t\t\t\t\t\t\t\t\t\t\t<img fetchpriority=\"high\" decoding=\"async\" width=\"500\" height=\"500\" src=\"https:\/\/publievolucion.com\/wp-content\/uploads\/2024\/12\/LOGO-AGENCIA.jpg\" class=\"attachment-large size-large wp-image-4663\" alt=\"\" srcset=\"https:\/\/publievolucion.com\/wp-content\/uploads\/2024\/12\/LOGO-AGENCIA.jpg 500w, https:\/\/publievolucion.com\/wp-content\/uploads\/2024\/12\/LOGO-AGENCIA-300x300.jpg 300w, https:\/\/publievolucion.com\/wp-content\/uploads\/2024\/12\/LOGO-AGENCIA-150x150.jpg 150w\" sizes=\"(max-width: 500px) 100vw, 500px\" \/>\t\t\t\t\t\t\t\t\t\t\t\t\t\t\t<\/div>\n\t\t\t\t<\/div>\n\t\t\t\t<\/div>\n\t\t\t\t<\/div>\n\t\t\t\t\t<\/div>\n\t\t\t\t<\/div>\n\t\t\t\t<\/div>\n\t\t<div class=\"elementor-element elementor-element-53fab9d e-flex e-con-boxed e-con e-parent\" data-id=\"53fab9d\" data-element_type=\"container\">\n\t\t\t\t\t<div class=\"e-con-inner\">\n\t\t<div class=\"elementor-element elementor-element-c86d3bd e-flex e-con-boxed e-con e-child\" data-id=\"c86d3bd\" data-element_type=\"container\">\n\t\t\t\t\t<div class=\"e-con-inner\">\n\t\t<div class=\"elementor-element elementor-element-b478281 e-flex e-con-boxed e-con e-child\" data-id=\"b478281\" data-element_type=\"container\" data-settings=\"{&quot;background_background&quot;:&quot;classic&quot;}\">\n\t\t\t\t\t<div class=\"e-con-inner\">\n\t\t<div class=\"elementor-element elementor-element-0fa40ee e-con-full e-flex e-con e-child\" data-id=\"0fa40ee\" data-element_type=\"container\">\n\t\t\t\t<div class=\"elementor-element elementor-element-22bc2f3 elementor-invisible elementor-widget elementor-widget-heading\" data-id=\"22bc2f3\" data-element_type=\"widget\" data-settings=\"{&quot;_animation&quot;:&quot;fadeInDown&quot;}\" data-widget_type=\"heading.default\">\n\t\t\t\t<div class=\"elementor-widget-container\">\n\t\t\t\t\t<h1 class=\"elementor-heading-title elementor-size-default\">DISE\u00d1O  GR\u00c1FICO<\/h1>\t\t\t\t<\/div>\n\t\t\t\t<\/div>\n\t\t\t\t<\/div>\n\t\t\t\t\t<\/div>\n\t\t\t\t<\/div>\n\t\t\t\t\t<\/div>\n\t\t\t\t<\/div>\n\t\t\t\t\t<\/div>\n\t\t\t\t<\/div>\n\t\t<div class=\"elementor-element elementor-element-d25dac6 e-flex e-con-boxed e-con e-parent\" data-id=\"d25dac6\" data-element_type=\"container\">\n\t\t\t\t\t<div class=\"e-con-inner\">\n\t\t\t\t<div class=\"elementor-element elementor-element-a6119f3 elementor-widget elementor-widget-heading\" data-id=\"a6119f3\" data-element_type=\"widget\" data-widget_type=\"heading.default\">\n\t\t\t\t<div class=\"elementor-widget-container\">\n\t\t\t\t\t<h2 class=\"elementor-heading-title elementor-size-default\">Dise\u00f1o Gr\u00e1fico Profesional: La Imagen de Tu Marca en Manos de Expertos<\/h2>\t\t\t\t<\/div>\n\t\t\t\t<\/div>\n\t\t\t\t\t<\/div>\n\t\t\t\t<\/div>\n\t\t<div class=\"elementor-element elementor-element-ca52d12 e-flex e-con-boxed e-con e-parent\" data-id=\"ca52d12\" data-element_type=\"container\">\n\t\t\t\t\t<div class=\"e-con-inner\">\n\t\t\t\t<div class=\"elementor-element elementor-element-1f72531 elementor-widget elementor-widget-text-editor\" data-id=\"1f72531\" data-element_type=\"widget\" data-widget_type=\"text-editor.default\">\n\t\t\t\t<div class=\"elementor-widget-container\">\n\t\t\t\t\t\t\t\t\t<p data-start=\"85\" data-end=\"382\">Tu identidad visual es la primera impresi\u00f3n que das al mundo. En un entorno digital cada vez m\u00e1s competitivo, contar con un dise\u00f1o gr\u00e1fico profesional es clave para destacar y transmitir confianza.\u00a0<\/p><p data-start=\"85\" data-end=\"382\"><b>Creamos soluciones visuales \u00fanicas que reflejan la esencia de tu marca y cautivan a tu audiencia.<\/b><\/p>\t\t\t\t\t\t\t\t<\/div>\n\t\t\t\t<\/div>\n\t\t\t\t\t<\/div>\n\t\t\t\t<\/div>\n\t\t<div class=\"elementor-element elementor-element-52879a3 e-flex e-con-boxed e-con e-parent\" data-id=\"52879a3\" data-element_type=\"container\">\n\t\t\t\t\t<div class=\"e-con-inner\">\n\t\t\t\t<div class=\"elementor-element elementor-element-017f3c0 elementor-widget elementor-widget-image\" data-id=\"017f3c0\" data-element_type=\"widget\" data-widget_type=\"image.default\">\n\t\t\t\t<div class=\"elementor-widget-container\">\n\t\t\t\t\t\t\t\t\t\t\t\t\t\t\t<img decoding=\"async\" width=\"1024\" height=\"576\" src=\"https:\/\/publievolucion.com\/wp-content\/uploads\/2025\/03\/Title-Page-1-1024x576.png\" class=\"attachment-large size-large wp-image-4980\" alt=\"\" srcset=\"https:\/\/publievolucion.com\/wp-content\/uploads\/2025\/03\/Title-Page-1-1024x576.png 1024w, https:\/\/publievolucion.com\/wp-content\/uploads\/2025\/03\/Title-Page-1-300x169.png 300w, https:\/\/publievolucion.com\/wp-content\/uploads\/2025\/03\/Title-Page-1-768x432.png 768w, https:\/\/publievolucion.com\/wp-content\/uploads\/2025\/03\/Title-Page-1-1536x864.png 1536w, https:\/\/publievolucion.com\/wp-content\/uploads\/2025\/03\/Title-Page-1.png 1920w\" sizes=\"(max-width: 1024px) 100vw, 1024px\" \/>\t\t\t\t\t\t\t\t\t\t\t\t\t\t\t<\/div>\n\t\t\t\t<\/div>\n\t\t\t\t\t<\/div>\n\t\t\t\t<\/div>\n\t\t<div class=\"elementor-element elementor-element-9ed7a01 e-flex e-con-boxed e-con e-parent\" data-id=\"9ed7a01\" data-element_type=\"container\">\n\t\t\t\t\t<div class=\"e-con-inner\">\n\t\t\t\t<div class=\"elementor-element elementor-element-ec664f9 elementor-widget elementor-widget-heading\" data-id=\"ec664f9\" data-element_type=\"widget\" data-widget_type=\"heading.default\">\n\t\t\t\t<div class=\"elementor-widget-container\">\n\t\t\t\t\t<h2 class=\"elementor-heading-title elementor-size-default\">Nuestros Servicios de Dise\u00f1o Gr\u00e1fico<\/h2>\t\t\t\t<\/div>\n\t\t\t\t<\/div>\n\t\t\t\t\t<\/div>\n\t\t\t\t<\/div>\n\t\t<div class=\"elementor-element elementor-element-040647c e-flex e-con-boxed e-con e-parent\" data-id=\"040647c\" data-element_type=\"container\">\n\t\t\t\t\t<div class=\"e-con-inner\">\n\t\t<div class=\"elementor-element elementor-element-254a1a3 e-flex e-con-boxed e-con e-child\" data-id=\"254a1a3\" data-element_type=\"container\">\n\t\t\t\t\t<div class=\"e-con-inner\">\n\t\t<div class=\"elementor-element elementor-element-db6ce18 e-flex e-con-boxed e-con e-child\" data-id=\"db6ce18\" data-element_type=\"container\">\n\t\t\t\t\t<div class=\"e-con-inner\">\n\t\t\t\t<div class=\"elementor-element elementor-element-b62c889 elementor-widget elementor-widget-text-editor\" data-id=\"b62c889\" data-element_type=\"widget\" data-widget_type=\"text-editor.default\">\n\t\t\t\t<div class=\"elementor-widget-container\">\n\t\t\t\t\t\t\t\t\t<ul><li><p data-start=\"440\" data-end=\"685\">\u2705 <strong data-start=\"442\" data-end=\"475\">Dise\u00f1o de Logos Profesionales<\/strong><br data-start=\"475\" data-end=\"478\" \/>Creamos logotipos \u00fanicos, modernos y memorables que representen la personalidad y valores de tu marca. Dise\u00f1amos con estrategia, asegurando versatilidad y reconocimiento en cualquier plataforma o material.<\/p><p data-start=\"687\" data-end=\"933\">\u2705 <strong data-start=\"689\" data-end=\"708\">Manual de Marca<\/strong><br data-start=\"708\" data-end=\"711\" \/>Desarrollamos la gu\u00eda visual que define la identidad de tu negocio. Incluye el uso correcto del logo, paleta de colores, tipograf\u00eda, iconograf\u00eda y aplicaciones gr\u00e1ficas para garantizar coherencia en todos tus materiales.<\/p><p data-start=\"935\" data-end=\"1206\">\u2705 <strong data-start=\"937\" data-end=\"973\">Cat\u00e1logos Digitales Interactivos<\/strong><br data-start=\"973\" data-end=\"976\" \/>Dise\u00f1amos cat\u00e1logos innovadores que permiten a tus clientes explorar productos y servicios de manera visual y atractiva. Incluimos enlaces interactivos, animaciones y elementos multimedia para mejorar la experiencia del usuario.<\/p><\/li><\/ul>\t\t\t\t\t\t\t\t<\/div>\n\t\t\t\t<\/div>\n\t\t\t\t\t<\/div>\n\t\t\t\t<\/div>\n\t\t\t\t\t<\/div>\n\t\t\t\t<\/div>\n\t\t\t\t\t<\/div>\n\t\t\t\t<\/div>\n\t\t<div class=\"elementor-element elementor-element-3042861 e-flex e-con-boxed e-con e-parent\" data-id=\"3042861\" data-element_type=\"container\">\n\t\t\t\t\t<div class=\"e-con-inner\">\n\t\t<div class=\"elementor-element elementor-element-4ff144e e-flex e-con-boxed e-con e-child\" data-id=\"4ff144e\" data-element_type=\"container\">\n\t\t\t\t\t<div class=\"e-con-inner\">\n\t\t\t\t<div class=\"elementor-element elementor-element-86a8f38 elementor-widget elementor-widget-heading\" data-id=\"86a8f38\" data-element_type=\"widget\" data-widget_type=\"heading.default\">\n\t\t\t\t<div class=\"elementor-widget-container\">\n\t\t\t\t\t<h2 class=\"elementor-heading-title elementor-size-default\">Beneficios de un Dise\u00f1o Gr\u00e1fico Profesional<\/h2>\t\t\t\t<\/div>\n\t\t\t\t<\/div>\n\t\t\t\t\t<\/div>\n\t\t\t\t<\/div>\n\t\t\t\t\t<\/div>\n\t\t\t\t<\/div>\n\t\t<div class=\"elementor-element elementor-element-e48f52d e-flex e-con-boxed e-con e-parent\" data-id=\"e48f52d\" data-element_type=\"container\">\n\t\t\t\t\t<div class=\"e-con-inner\">\n\t\t<div class=\"elementor-element elementor-element-44ebbd3 e-flex e-con-boxed e-con e-child\" data-id=\"44ebbd3\" data-element_type=\"container\">\n\t\t\t\t\t<div class=\"e-con-inner\">\n\t\t\t\t<div class=\"elementor-element elementor-element-d6a7e55 elementor-widget elementor-widget-text-editor\" data-id=\"d6a7e55\" data-element_type=\"widget\" data-widget_type=\"text-editor.default\">\n\t\t\t\t<div class=\"elementor-widget-container\">\n\t\t\t\t\t\t\t\t\t<ul><li><p data-start=\"1668\" data-end=\"1943\">\ud83d\udd39 <strong data-start=\"1274\" data-end=\"1327\">Refuerza la identidad y credibilidad de tu marca.<\/strong><br data-start=\"1327\" data-end=\"1330\" \/>\ud83d\udd39 <strong data-start=\"1333\" data-end=\"1388\">Genera confianza y profesionalismo ante tu p\u00fablico.<\/strong><br data-start=\"1388\" data-end=\"1391\" \/>\ud83d\udd39 <strong data-start=\"1394\" data-end=\"1452\">Aumenta la recordaci\u00f3n y reconocimiento de tu negocio.<\/strong><br data-start=\"1452\" data-end=\"1455\" \/>\ud83d\udd39 <strong data-start=\"1458\" data-end=\"1507\">Facilita la conexi\u00f3n visual con tus clientes.<\/strong><\/p><\/li><\/ul>\t\t\t\t\t\t\t\t<\/div>\n\t\t\t\t<\/div>\n\t\t\t\t\t<\/div>\n\t\t\t\t<\/div>\n\t\t\t\t\t<\/div>\n\t\t\t\t<\/div>\n\t\t\t\t<\/div>\n\t\t","protected":false},"excerpt":{"rendered":"<p>DISE\u00d1O GR\u00c1FICO Dise\u00f1o Gr\u00e1fico Profesional: La Imagen de Tu Marca en Manos de Expertos Tu identidad visual es la primera impresi\u00f3n que das al mundo. En un entorno digital cada vez m\u00e1s competitivo, contar con un dise\u00f1o gr\u00e1fico profesional es clave para destacar y transmitir confianza.\u00a0 Creamos soluciones visuales \u00fanicas que reflejan la esencia de [&hellip;]<\/p>\n","protected":false},"author":1,"featured_media":0,"parent":0,"menu_order":0,"comment_status":"closed","ping_status":"closed","template":"","meta":{"site-sidebar-layout":"no-sidebar","site-content-layout":"page-builder","ast-site-content-layout":"full-width-container","site-content-style":"default","site-sidebar-style":"default","ast-global-header-display":"","ast-banner-title-visibility":"","ast-main-header-display":"","ast-hfb-above-header-display":"","ast-hfb-below-header-display":"","ast-hfb-mobile-header-display":"","site-post-title":"disabled","ast-breadcrumbs-content":"","ast-featured-img":"disabled","footer-sml-layout":"","theme-transparent-header-meta":"","adv-header-id-meta":"","stick-header-meta":"","header-above-stick-meta":"","header-main-stick-meta":"","header-below-stick-meta":"","astra-migrate-meta-layouts":"set","ast-page-background-enabled":"default","ast-page-background-meta":{"desktop":{"background-color":"","background-image":"","background-repeat":"repeat","background-position":"center center","background-size":"auto","background-attachment":"scroll","background-type":"","background-media":"","overlay-type":"","overlay-color":"","overlay-gradient":""},"tablet":{"background-color":"","background-image":"","background-repeat":"repeat","background-position":"center center","background-size":"auto","background-attachment":"scroll","background-type":"","background-media":"","overlay-type":"","overlay-color":"","overlay-gradient":""},"mobile":{"background-color":"","background-image":"","background-repeat":"repeat","background-position":"center center","background-size":"auto","background-attachment":"scroll","background-type":"","background-media":"","overlay-type":"","overlay-color":"","overlay-gradient":""}},"ast-content-background-meta":{"desktop":{"background-color":"var(--ast-global-color-5)","background-image":"","background-repeat":"repeat","background-position":"center center","background-size":"auto","background-attachment":"scroll","background-type":"","background-media":"","overlay-type":"","overlay-color":"","overlay-gradient":""},"tablet":{"background-color":"var(--ast-global-color-5)","background-image":"","background-repeat":"repeat","background-position":"center center","background-size":"auto","background-attachment":"scroll","background-type":"","background-media":"","overlay-type":"","overlay-color":"","overlay-gradient":""},"mobile":{"background-color":"var(--ast-global-color-5)","background-image":"","background-repeat":"repeat","background-position":"center center","background-size":"auto","background-attachment":"scroll","background-type":"","background-media":"","overlay-type":"","overlay-color":"","overlay-gradient":""}},"_joinchat":[],"footnotes":""},"class_list":["post-5136","page","type-page","status-publish","hentry"],"yoast_head":"<!-- This site is optimized with the Yoast SEO plugin v22.5 - https:\/\/yoast.com\/wordpress\/plugins\/seo\/ -->\n<title>DISE\u00d1O GR\u00c1FICO - Agencia Digital Publievoluci\u00f3n<\/title>\n<meta name=\"robots\" content=\"index, follow, max-snippet:-1, max-image-preview:large, max-video-preview:-1\" \/>\n<link rel=\"canonical\" href=\"https:\/\/publievolucion.com\/?page_id=5136\" \/>\n<meta property=\"og:locale\" content=\"es_ES\" \/>\n<meta property=\"og:type\" content=\"article\" \/>\n<meta property=\"og:title\" content=\"DISE\u00d1O GR\u00c1FICO - Agencia Digital Publievoluci\u00f3n\" \/>\n<meta property=\"og:description\" content=\"DISE\u00d1O GR\u00c1FICO Dise\u00f1o Gr\u00e1fico Profesional: La Imagen de Tu Marca en Manos de Expertos Tu identidad visual es la primera impresi\u00f3n que das al mundo. En un entorno digital cada vez m\u00e1s competitivo, contar con un dise\u00f1o gr\u00e1fico profesional es clave para destacar y transmitir confianza.\u00a0 Creamos soluciones visuales \u00fanicas que reflejan la esencia de [&hellip;]\" \/>\n<meta property=\"og:url\" content=\"https:\/\/publievolucion.com\/?page_id=5136\" \/>\n<meta property=\"og:site_name\" content=\"Agencia Digital Publievoluci\u00f3n\" \/>\n<meta property=\"article:publisher\" content=\"https:\/\/www.facebook.com\/publievoluciondigitalsb\" \/>\n<meta property=\"article:modified_time\" content=\"2025-09-25T01:17:49+00:00\" \/>\n<meta property=\"og:image\" content=\"http:\/\/publievolucion.com\/wp-content\/uploads\/2024\/12\/LOGO-AGENCIA.jpg\" \/>\n<meta name=\"twitter:card\" content=\"summary_large_image\" \/>\n<meta name=\"twitter:label1\" content=\"Tiempo de lectura\" \/>\n\t<meta name=\"twitter:data1\" content=\"3 minutos\" \/>\n<script type=\"application\/ld+json\" class=\"yoast-schema-graph\">{\"@context\":\"https:\/\/schema.org\",\"@graph\":[{\"@type\":\"WebPage\",\"@id\":\"https:\/\/publievolucion.com\/?page_id=5136\",\"url\":\"https:\/\/publievolucion.com\/?page_id=5136\",\"name\":\"DISE\u00d1O GR\u00c1FICO - Agencia Digital Publievoluci\u00f3n\",\"isPartOf\":{\"@id\":\"https:\/\/publievolucion.com\/#website\"},\"primaryImageOfPage\":{\"@id\":\"https:\/\/publievolucion.com\/?page_id=5136#primaryimage\"},\"image\":{\"@id\":\"https:\/\/publievolucion.com\/?page_id=5136#primaryimage\"},\"thumbnailUrl\":\"http:\/\/publievolucion.com\/wp-content\/uploads\/2024\/12\/LOGO-AGENCIA.jpg\",\"datePublished\":\"2025-03-13T16:28:46+00:00\",\"dateModified\":\"2025-09-25T01:17:49+00:00\",\"breadcrumb\":{\"@id\":\"https:\/\/publievolucion.com\/?page_id=5136#breadcrumb\"},\"inLanguage\":\"es\",\"potentialAction\":[{\"@type\":\"ReadAction\",\"target\":[\"https:\/\/publievolucion.com\/?page_id=5136\"]}]},{\"@type\":\"ImageObject\",\"inLanguage\":\"es\",\"@id\":\"https:\/\/publievolucion.com\/?page_id=5136#primaryimage\",\"url\":\"https:\/\/publievolucion.com\/wp-content\/uploads\/2024\/12\/LOGO-AGENCIA.jpg\",\"contentUrl\":\"https:\/\/publievolucion.com\/wp-content\/uploads\/2024\/12\/LOGO-AGENCIA.jpg\",\"width\":500,\"height\":500},{\"@type\":\"BreadcrumbList\",\"@id\":\"https:\/\/publievolucion.com\/?page_id=5136#breadcrumb\",\"itemListElement\":[{\"@type\":\"ListItem\",\"position\":1,\"name\":\"Portada\",\"item\":\"https:\/\/publievolucion.com\/\"},{\"@type\":\"ListItem\",\"position\":2,\"name\":\"DISE\u00d1O GR\u00c1FICO\"}]},{\"@type\":\"WebSite\",\"@id\":\"https:\/\/publievolucion.com\/#website\",\"url\":\"https:\/\/publievolucion.com\/\",\"name\":\"Agencia Digital Publievoluci\u00f3n\",\"description\":\"Marketing Digital - Dise\u00f1o Web - Gesti\u00f3n de Redes Sociales\",\"publisher\":{\"@id\":\"https:\/\/publievolucion.com\/#organization\"},\"potentialAction\":[{\"@type\":\"SearchAction\",\"target\":{\"@type\":\"EntryPoint\",\"urlTemplate\":\"https:\/\/publievolucion.com\/?s={search_term_string}\"},\"query-input\":\"required name=search_term_string\"}],\"inLanguage\":\"es\"},{\"@type\":\"Organization\",\"@id\":\"https:\/\/publievolucion.com\/#organization\",\"name\":\"Agencia Digital Publievoluci\u00f3n\",\"url\":\"https:\/\/publievolucion.com\/\",\"logo\":{\"@type\":\"ImageObject\",\"inLanguage\":\"es\",\"@id\":\"https:\/\/publievolucion.com\/#\/schema\/logo\/image\/\",\"url\":\"https:\/\/publievolucion.com\/wp-content\/uploads\/2024\/02\/cropped-cropped-Post-de-Facebook-Venta-de-Galletas-Navidenas-Moderno-Dorado-1.jpg\",\"contentUrl\":\"https:\/\/publievolucion.com\/wp-content\/uploads\/2024\/02\/cropped-cropped-Post-de-Facebook-Venta-de-Galletas-Navidenas-Moderno-Dorado-1.jpg\",\"width\":937,\"height\":788,\"caption\":\"Agencia Digital Publievoluci\u00f3n\"},\"image\":{\"@id\":\"https:\/\/publievolucion.com\/#\/schema\/logo\/image\/\"},\"sameAs\":[\"https:\/\/www.facebook.com\/publievoluciondigitalsb\",\"https:\/\/www.instagram.com\/marketing.publievolucion\/\"]}]}<\/script>\n<!-- \/ Yoast SEO plugin. -->","yoast_head_json":{"title":"DISE\u00d1O GR\u00c1FICO - Agencia Digital Publievoluci\u00f3n","robots":{"index":"index","follow":"follow","max-snippet":"max-snippet:-1","max-image-preview":"max-image-preview:large","max-video-preview":"max-video-preview:-1"},"canonical":"https:\/\/publievolucion.com\/?page_id=5136","og_locale":"es_ES","og_type":"article","og_title":"DISE\u00d1O GR\u00c1FICO - Agencia Digital Publievoluci\u00f3n","og_description":"DISE\u00d1O GR\u00c1FICO Dise\u00f1o Gr\u00e1fico Profesional: La Imagen de Tu Marca en Manos de Expertos Tu identidad visual es la primera impresi\u00f3n que das al mundo. En un entorno digital cada vez m\u00e1s competitivo, contar con un dise\u00f1o gr\u00e1fico profesional es clave para destacar y transmitir confianza.\u00a0 Creamos soluciones visuales \u00fanicas que reflejan la esencia de [&hellip;]","og_url":"https:\/\/publievolucion.com\/?page_id=5136","og_site_name":"Agencia Digital Publievoluci\u00f3n","article_publisher":"https:\/\/www.facebook.com\/publievoluciondigitalsb","article_modified_time":"2025-09-25T01:17:49+00:00","og_image":[{"url":"http:\/\/publievolucion.com\/wp-content\/uploads\/2024\/12\/LOGO-AGENCIA.jpg"}],"twitter_card":"summary_large_image","twitter_misc":{"Tiempo de lectura":"3 minutos"},"schema":{"@context":"https:\/\/schema.org","@graph":[{"@type":"WebPage","@id":"https:\/\/publievolucion.com\/?page_id=5136","url":"https:\/\/publievolucion.com\/?page_id=5136","name":"DISE\u00d1O GR\u00c1FICO - Agencia Digital Publievoluci\u00f3n","isPartOf":{"@id":"https:\/\/publievolucion.com\/#website"},"primaryImageOfPage":{"@id":"https:\/\/publievolucion.com\/?page_id=5136#primaryimage"},"image":{"@id":"https:\/\/publievolucion.com\/?page_id=5136#primaryimage"},"thumbnailUrl":"http:\/\/publievolucion.com\/wp-content\/uploads\/2024\/12\/LOGO-AGENCIA.jpg","datePublished":"2025-03-13T16:28:46+00:00","dateModified":"2025-09-25T01:17:49+00:00","breadcrumb":{"@id":"https:\/\/publievolucion.com\/?page_id=5136#breadcrumb"},"inLanguage":"es","potentialAction":[{"@type":"ReadAction","target":["https:\/\/publievolucion.com\/?page_id=5136"]}]},{"@type":"ImageObject","inLanguage":"es","@id":"https:\/\/publievolucion.com\/?page_id=5136#primaryimage","url":"https:\/\/publievolucion.com\/wp-content\/uploads\/2024\/12\/LOGO-AGENCIA.jpg","contentUrl":"https:\/\/publievolucion.com\/wp-content\/uploads\/2024\/12\/LOGO-AGENCIA.jpg","width":500,"height":500},{"@type":"BreadcrumbList","@id":"https:\/\/publievolucion.com\/?page_id=5136#breadcrumb","itemListElement":[{"@type":"ListItem","position":1,"name":"Portada","item":"https:\/\/publievolucion.com\/"},{"@type":"ListItem","position":2,"name":"DISE\u00d1O GR\u00c1FICO"}]},{"@type":"WebSite","@id":"https:\/\/publievolucion.com\/#website","url":"https:\/\/publievolucion.com\/","name":"Agencia Digital Publievoluci\u00f3n","description":"Marketing Digital - Dise\u00f1o Web - Gesti\u00f3n de Redes Sociales","publisher":{"@id":"https:\/\/publievolucion.com\/#organization"},"potentialAction":[{"@type":"SearchAction","target":{"@type":"EntryPoint","urlTemplate":"https:\/\/publievolucion.com\/?s={search_term_string}"},"query-input":"required name=search_term_string"}],"inLanguage":"es"},{"@type":"Organization","@id":"https:\/\/publievolucion.com\/#organization","name":"Agencia Digital Publievoluci\u00f3n","url":"https:\/\/publievolucion.com\/","logo":{"@type":"ImageObject","inLanguage":"es","@id":"https:\/\/publievolucion.com\/#\/schema\/logo\/image\/","url":"https:\/\/publievolucion.com\/wp-content\/uploads\/2024\/02\/cropped-cropped-Post-de-Facebook-Venta-de-Galletas-Navidenas-Moderno-Dorado-1.jpg","contentUrl":"https:\/\/publievolucion.com\/wp-content\/uploads\/2024\/02\/cropped-cropped-Post-de-Facebook-Venta-de-Galletas-Navidenas-Moderno-Dorado-1.jpg","width":937,"height":788,"caption":"Agencia Digital Publievoluci\u00f3n"},"image":{"@id":"https:\/\/publievolucion.com\/#\/schema\/logo\/image\/"},"sameAs":["https:\/\/www.facebook.com\/publievoluciondigitalsb","https:\/\/www.instagram.com\/marketing.publievolucion\/"]}]}},"_links":{"self":[{"href":"https:\/\/publievolucion.com\/index.php?rest_route=\/wp\/v2\/pages\/5136","targetHints":{"allow":["GET"]}}],"collection":[{"href":"https:\/\/publievolucion.com\/index.php?rest_route=\/wp\/v2\/pages"}],"about":[{"href":"https:\/\/publievolucion.com\/index.php?rest_route=\/wp\/v2\/types\/page"}],"author":[{"embeddable":true,"href":"https:\/\/publievolucion.com\/index.php?rest_route=\/wp\/v2\/users\/1"}],"replies":[{"embeddable":true,"href":"https:\/\/publievolucion.com\/index.php?rest_route=%2Fwp%2Fv2%2Fcomments&post=5136"}],"version-history":[{"count":31,"href":"https:\/\/publievolucion.com\/index.php?rest_route=\/wp\/v2\/pages\/5136\/revisions"}],"predecessor-version":[{"id":6045,"href":"https:\/\/publievolucion.com\/index.php?rest_route=\/wp\/v2\/pages\/5136\/revisions\/6045"}],"wp:attachment":[{"href":"https:\/\/publievolucion.com\/index.php?rest_route=%2Fwp%2Fv2%2Fmedia&parent=5136"}],"curies":[{"name":"wp","href":"https:\/\/api.w.org\/{rel}","templated":true}]}}