{"id":5132,"date":"2025-03-13T11:29:14","date_gmt":"2025-03-13T16:29:14","guid":{"rendered":"https:\/\/publievolucion.com\/?page_id=5132"},"modified":"2025-09-24T20:18:29","modified_gmt":"2025-09-25T01:18:29","slug":"fotografia-profesional","status":"publish","type":"page","link":"https:\/\/publievolucion.com\/?page_id=5132","title":{"rendered":"FOTOGRAF\u00cdA PROFESIONAL"},"content":{"rendered":"\t\t<div data-elementor-type=\"wp-page\" data-elementor-id=\"5132\" class=\"elementor elementor-5132\">\n\t\t\t\t<div class=\"elementor-element elementor-element-2351b03 e-con-full e-flex e-con e-child\" data-id=\"2351b03\" data-element_type=\"container\" data-settings=\"{&quot;shape_divider_top&quot;:&quot;mountains&quot;}\">\n\t\t\t\t<div class=\"elementor-shape elementor-shape-top\" data-negative=\"false\">\n\t\t\t<svg xmlns=\"http:\/\/www.w3.org\/2000\/svg\" viewBox=\"0 0 1000 100\" preserveAspectRatio=\"none\">\n\t<path class=\"elementor-shape-fill\" opacity=\"0.33\" d=\"M473,67.3c-203.9,88.3-263.1-34-320.3,0C66,119.1,0,59.7,0,59.7V0h1000v59.7 c0,0-62.1,26.1-94.9,29.3c-32.8,3.3-62.8-12.3-75.8-22.1C806,49.6,745.3,8.7,694.9,4.7S492.4,59,473,67.3z\"\/>\n\t<path class=\"elementor-shape-fill\" opacity=\"0.66\" d=\"M734,67.3c-45.5,0-77.2-23.2-129.1-39.1c-28.6-8.7-150.3-10.1-254,39.1 s-91.7-34.4-149.2,0C115.7,118.3,0,39.8,0,39.8V0h1000v36.5c0,0-28.2-18.5-92.1-18.5C810.2,18.1,775.7,67.3,734,67.3z\"\/>\n\t<path class=\"elementor-shape-fill\" d=\"M766.1,28.9c-200-57.5-266,65.5-395.1,19.5C242,1.8,242,5.4,184.8,20.6C128,35.8,132.3,44.9,89.9,52.5C28.6,63.7,0,0,0,0 h1000c0,0-9.9,40.9-83.6,48.1S829.6,47,766.1,28.9z\"\/>\n<\/svg>\t\t<\/div>\n\t\t\t\t<\/div>\n\t\t<div class=\"elementor-element elementor-element-064bd3a e-con-full e-flex e-con e-parent\" data-id=\"064bd3a\" data-element_type=\"container\">\n\t\t<div class=\"elementor-element elementor-element-a80dfcc e-con-full e-flex e-con e-child\" data-id=\"a80dfcc\" data-element_type=\"container\">\n\t\t<div class=\"elementor-element elementor-element-f9d84d3 e-con-full e-flex e-con e-child\" data-id=\"f9d84d3\" data-element_type=\"container\">\n\t\t\t\t<div class=\"elementor-element elementor-element-b5b353c elementor-align-center elementor-mobile-align-left elementor-widget elementor-widget-button\" data-id=\"b5b353c\" data-element_type=\"widget\" data-widget_type=\"button.default\">\n\t\t\t\t<div class=\"elementor-widget-container\">\n\t\t\t\t\t\t\t\t\t<div class=\"elementor-button-wrapper\">\n\t\t\t\t\t<a class=\"elementor-button elementor-button-link elementor-size-sm\" href=\"#elementor-action%3Aaction%3Dpopup%3Aopen%26settings%3DeyJpZCI6IjU2NTciLCJ0b2dnbGUiOmZhbHNlfQ%3D%3D\" emergente=\"\">\n\t\t\t\t\t\t<span class=\"elementor-button-content-wrapper\">\n\t\t\t\t\t\t<span class=\"elementor-button-icon\">\n\t\t\t\t<i aria-hidden=\"true\" class=\"fas fa-bars\"><\/i>\t\t\t<\/span>\n\t\t\t\t\t\t\t\t<\/span>\n\t\t\t\t\t<\/a>\n\t\t\t\t<\/div>\n\t\t\t\t\t\t\t\t<\/div>\n\t\t\t\t<\/div>\n\t\t\t\t<\/div>\n\t\t<div class=\"elementor-element elementor-element-321714f e-con-full e-flex e-con e-child\" data-id=\"321714f\" data-element_type=\"container\">\n\t\t\t\t<div class=\"elementor-element elementor-element-930dba2 elementor-widget elementor-widget-image\" data-id=\"930dba2\" data-element_type=\"widget\" data-widget_type=\"image.default\">\n\t\t\t\t<div class=\"elementor-widget-container\">\n\t\t\t\t\t\t\t\t\t\t\t\t\t\t\t<img fetchpriority=\"high\" decoding=\"async\" width=\"500\" height=\"500\" src=\"https:\/\/publievolucion.com\/wp-content\/uploads\/2024\/12\/LOGO-AGENCIA.jpg\" class=\"attachment-large size-large wp-image-4663\" alt=\"\" srcset=\"https:\/\/publievolucion.com\/wp-content\/uploads\/2024\/12\/LOGO-AGENCIA.jpg 500w, https:\/\/publievolucion.com\/wp-content\/uploads\/2024\/12\/LOGO-AGENCIA-300x300.jpg 300w, https:\/\/publievolucion.com\/wp-content\/uploads\/2024\/12\/LOGO-AGENCIA-150x150.jpg 150w\" sizes=\"(max-width: 500px) 100vw, 500px\" \/>\t\t\t\t\t\t\t\t\t\t\t\t\t\t\t<\/div>\n\t\t\t\t<\/div>\n\t\t\t\t<\/div>\n\t\t\t\t<\/div>\n\t\t\t\t<\/div>\n\t\t<div class=\"elementor-element elementor-element-ca39fa9 e-flex e-con-boxed e-con e-parent\" data-id=\"ca39fa9\" data-element_type=\"container\">\n\t\t\t\t\t<div class=\"e-con-inner\">\n\t\t<div class=\"elementor-element elementor-element-334a66c e-flex e-con-boxed e-con e-child\" data-id=\"334a66c\" data-element_type=\"container\">\n\t\t\t\t\t<div class=\"e-con-inner\">\n\t\t<div class=\"elementor-element elementor-element-dfa5f6e e-flex e-con-boxed e-con e-child\" data-id=\"dfa5f6e\" data-element_type=\"container\">\n\t\t\t\t\t<div class=\"e-con-inner\">\n\t\t<div class=\"elementor-element elementor-element-a36c329 e-flex e-con-boxed e-con e-child\" data-id=\"a36c329\" data-element_type=\"container\" data-settings=\"{&quot;background_background&quot;:&quot;classic&quot;}\">\n\t\t\t\t\t<div class=\"e-con-inner\">\n\t\t<div class=\"elementor-element elementor-element-7fcf340 e-con-full e-flex e-con e-child\" data-id=\"7fcf340\" data-element_type=\"container\">\n\t\t\t\t<div class=\"elementor-element elementor-element-79cae14 elementor-invisible elementor-widget elementor-widget-heading\" data-id=\"79cae14\" data-element_type=\"widget\" data-settings=\"{&quot;_animation&quot;:&quot;fadeInDown&quot;}\" data-widget_type=\"heading.default\">\n\t\t\t\t<div class=\"elementor-widget-container\">\n\t\t\t\t\t<h1 class=\"elementor-heading-title elementor-size-default\">FOTOGRAF\u00cdA Y VIDEO PROFESIONAL<\/h1>\t\t\t\t<\/div>\n\t\t\t\t<\/div>\n\t\t\t\t<\/div>\n\t\t\t\t\t<\/div>\n\t\t\t\t<\/div>\n\t\t\t\t\t<\/div>\n\t\t\t\t<\/div>\n\t\t\t\t\t<\/div>\n\t\t\t\t<\/div>\n\t\t\t\t\t<\/div>\n\t\t\t\t<\/div>\n\t\t<div class=\"elementor-element elementor-element-894663f e-flex e-con-boxed e-con e-parent\" data-id=\"894663f\" data-element_type=\"container\">\n\t\t\t\t\t<div class=\"e-con-inner\">\n\t\t<div class=\"elementor-element elementor-element-1a59afc e-flex e-con-boxed e-con e-child\" data-id=\"1a59afc\" data-element_type=\"container\">\n\t\t\t\t\t<div class=\"e-con-inner\">\n\t\t\t\t<div class=\"elementor-element elementor-element-06e3748 elementor-widget elementor-widget-heading\" data-id=\"06e3748\" data-element_type=\"widget\" data-widget_type=\"heading.default\">\n\t\t\t\t<div class=\"elementor-widget-container\">\n\t\t\t\t\t<h2 class=\"elementor-heading-title elementor-size-default\">fotograf\u00eda y Video Profesional: <br>Contenido Visual que Impulsa Tu Negocio<\/h2>\t\t\t\t<\/div>\n\t\t\t\t<\/div>\n\t\t\t\t\t<\/div>\n\t\t\t\t<\/div>\n\t\t\t\t\t<\/div>\n\t\t\t\t<\/div>\n\t\t<div class=\"elementor-element elementor-element-4f9c5e4 e-flex e-con-boxed e-con e-parent\" data-id=\"4f9c5e4\" data-element_type=\"container\">\n\t\t\t\t\t<div class=\"e-con-inner\">\n\t\t<div class=\"elementor-element elementor-element-270202d e-flex e-con-boxed e-con e-child\" data-id=\"270202d\" data-element_type=\"container\">\n\t\t\t\t\t<div class=\"e-con-inner\">\n\t\t\t\t<div class=\"elementor-element elementor-element-67e2e28 elementor-widget elementor-widget-text-editor\" data-id=\"67e2e28\" data-element_type=\"widget\" data-widget_type=\"text-editor.default\">\n\t\t\t\t<div class=\"elementor-widget-container\">\n\t\t\t\t\t\t\t\t\t<p data-start=\"85\" data-end=\"382\">En la era digital, la imagen lo es todo. Una fotograf\u00eda o video de calidad puede marcar la diferencia entre captar la atenci\u00f3n o pasar desapercibido.\u00a0<\/p><p data-start=\"85\" data-end=\"382\">A trav\u00e9s de una alianza estrat\u00e9gica con expertos en producci\u00f3n audiovisual, ofrecemos contenido visual de alto impacto que potencia tu presencia en redes sociales y tiendas en l\u00ednea.<\/p>\t\t\t\t\t\t\t\t<\/div>\n\t\t\t\t<\/div>\n\t\t\t\t\t<\/div>\n\t\t\t\t<\/div>\n\t\t\t\t\t<\/div>\n\t\t\t\t<\/div>\n\t\t<div class=\"elementor-element elementor-element-daa2c2b e-flex e-con-boxed e-con e-parent\" data-id=\"daa2c2b\" data-element_type=\"container\">\n\t\t\t\t\t<div class=\"e-con-inner\">\n\t\t\t\t<div class=\"elementor-element elementor-element-13be68e elementor-widget elementor-widget-heading\" data-id=\"13be68e\" data-element_type=\"widget\" data-widget_type=\"heading.default\">\n\t\t\t\t<div class=\"elementor-widget-container\">\n\t\t\t\t\t<h2 class=\"elementor-heading-title elementor-size-default\">ALIANZA ESTRAT\u00c9GICA<\/h2>\t\t\t\t<\/div>\n\t\t\t\t<\/div>\n\t\t\t\t\t<\/div>\n\t\t\t\t<\/div>\n\t\t<div class=\"elementor-element elementor-element-9766e81 e-flex e-con-boxed e-con e-parent\" data-id=\"9766e81\" data-element_type=\"container\">\n\t\t\t\t\t<div class=\"e-con-inner\">\n\t\t<div class=\"elementor-element elementor-element-3fd654d e-con-full e-flex e-con e-child\" data-id=\"3fd654d\" data-element_type=\"container\">\n\t\t\t\t<div class=\"elementor-element elementor-element-9f8b8fd elementor-widget elementor-widget-image\" data-id=\"9f8b8fd\" data-element_type=\"widget\" data-widget_type=\"image.default\">\n\t\t\t\t<div class=\"elementor-widget-container\">\n\t\t\t\t\t\t\t\t\t\t\t\t\t\t\t<img decoding=\"async\" width=\"472\" height=\"630\" src=\"https:\/\/publievolucion.com\/wp-content\/uploads\/2025\/03\/Foto-de-perfil-Intagram-Moderna-Multicolor-8-1.png\" class=\"attachment-large size-large wp-image-5642\" alt=\"\" srcset=\"https:\/\/publievolucion.com\/wp-content\/uploads\/2025\/03\/Foto-de-perfil-Intagram-Moderna-Multicolor-8-1.png 472w, https:\/\/publievolucion.com\/wp-content\/uploads\/2025\/03\/Foto-de-perfil-Intagram-Moderna-Multicolor-8-1-225x300.png 225w\" sizes=\"(max-width: 472px) 100vw, 472px\" \/>\t\t\t\t\t\t\t\t\t\t\t\t\t\t\t<\/div>\n\t\t\t\t<\/div>\n\t\t\t\t<div class=\"elementor-element elementor-element-ce97acf elementor-button-info elementor-align-center elementor-mobile-align-center elementor-invisible elementor-widget elementor-widget-button\" data-id=\"ce97acf\" data-element_type=\"widget\" data-settings=\"{&quot;_animation&quot;:&quot;slideInRight&quot;}\" data-widget_type=\"button.default\">\n\t\t\t\t<div class=\"elementor-widget-container\">\n\t\t\t\t\t\t\t\t\t<div class=\"elementor-button-wrapper\">\n\t\t\t\t\t<a class=\"elementor-button elementor-button-link elementor-size-sm\" href=\"https:\/\/nelsonsanchez.myportfolio.com\/\">\n\t\t\t\t\t\t<span class=\"elementor-button-content-wrapper\">\n\t\t\t\t\t\t\t\t\t<span class=\"elementor-button-text\">CONOCE AQUI LOS TRABAJOS DE N\u00c9LSON SANCHEZ FOT\u00d3GRAFO Y VIDE\u00d3GRAFO PROFESIONAL<\/span>\n\t\t\t\t\t<\/span>\n\t\t\t\t\t<\/a>\n\t\t\t\t<\/div>\n\t\t\t\t\t\t\t\t<\/div>\n\t\t\t\t<\/div>\n\t\t\t\t<\/div>\n\t\t\t\t\t<\/div>\n\t\t\t\t<\/div>\n\t\t\t\t<\/div>\n\t\t","protected":false},"excerpt":{"rendered":"<p>FOTOGRAF\u00cdA Y VIDEO PROFESIONAL fotograf\u00eda y Video Profesional: Contenido Visual que Impulsa Tu Negocio En la era digital, la imagen lo es todo. Una fotograf\u00eda o video de calidad puede marcar la diferencia entre captar la atenci\u00f3n o pasar desapercibido.\u00a0 A trav\u00e9s de una alianza estrat\u00e9gica con expertos en producci\u00f3n audiovisual, ofrecemos contenido visual de [&hellip;]<\/p>\n","protected":false},"author":1,"featured_media":0,"parent":0,"menu_order":0,"comment_status":"closed","ping_status":"closed","template":"","meta":{"site-sidebar-layout":"no-sidebar","site-content-layout":"page-builder","ast-site-content-layout":"full-width-container","site-content-style":"default","site-sidebar-style":"default","ast-global-header-display":"","ast-banner-title-visibility":"","ast-main-header-display":"","ast-hfb-above-header-display":"","ast-hfb-below-header-display":"","ast-hfb-mobile-header-display":"","site-post-title":"disabled","ast-breadcrumbs-content":"","ast-featured-img":"disabled","footer-sml-layout":"","theme-transparent-header-meta":"","adv-header-id-meta":"","stick-header-meta":"","header-above-stick-meta":"","header-main-stick-meta":"","header-below-stick-meta":"","astra-migrate-meta-layouts":"set","ast-page-background-enabled":"default","ast-page-background-meta":{"desktop":{"background-color":"","background-image":"","background-repeat":"repeat","background-position":"center center","background-size":"auto","background-attachment":"scroll","background-type":"","background-media":"","overlay-type":"","overlay-color":"","overlay-gradient":""},"tablet":{"background-color":"","background-image":"","background-repeat":"repeat","background-position":"center center","background-size":"auto","background-attachment":"scroll","background-type":"","background-media":"","overlay-type":"","overlay-color":"","overlay-gradient":""},"mobile":{"background-color":"","background-image":"","background-repeat":"repeat","background-position":"center center","background-size":"auto","background-attachment":"scroll","background-type":"","background-media":"","overlay-type":"","overlay-color":"","overlay-gradient":""}},"ast-content-background-meta":{"desktop":{"background-color":"var(--ast-global-color-5)","background-image":"","background-repeat":"repeat","background-position":"center center","background-size":"auto","background-attachment":"scroll","background-type":"","background-media":"","overlay-type":"","overlay-color":"","overlay-gradient":""},"tablet":{"background-color":"var(--ast-global-color-5)","background-image":"","background-repeat":"repeat","background-position":"center center","background-size":"auto","background-attachment":"scroll","background-type":"","background-media":"","overlay-type":"","overlay-color":"","overlay-gradient":""},"mobile":{"background-color":"var(--ast-global-color-5)","background-image":"","background-repeat":"repeat","background-position":"center center","background-size":"auto","background-attachment":"scroll","background-type":"","background-media":"","overlay-type":"","overlay-color":"","overlay-gradient":""}},"_joinchat":[],"footnotes":""},"class_list":["post-5132","page","type-page","status-publish","hentry"],"yoast_head":"<!-- This site is optimized with the Yoast SEO plugin v22.5 - https:\/\/yoast.com\/wordpress\/plugins\/seo\/ -->\n<title>FOTOGRAF\u00cdA PROFESIONAL - Agencia Digital Publievoluci\u00f3n<\/title>\n<meta name=\"robots\" content=\"index, follow, max-snippet:-1, max-image-preview:large, max-video-preview:-1\" \/>\n<link rel=\"canonical\" href=\"https:\/\/publievolucion.com\/?page_id=5132\" \/>\n<meta property=\"og:locale\" content=\"es_ES\" \/>\n<meta property=\"og:type\" content=\"article\" \/>\n<meta property=\"og:title\" content=\"FOTOGRAF\u00cdA PROFESIONAL - Agencia Digital Publievoluci\u00f3n\" \/>\n<meta property=\"og:description\" content=\"FOTOGRAF\u00cdA Y VIDEO PROFESIONAL fotograf\u00eda y Video Profesional: Contenido Visual que Impulsa Tu Negocio En la era digital, la imagen lo es todo. Una fotograf\u00eda o video de calidad puede marcar la diferencia entre captar la atenci\u00f3n o pasar desapercibido.\u00a0 A trav\u00e9s de una alianza estrat\u00e9gica con expertos en producci\u00f3n audiovisual, ofrecemos contenido visual de [&hellip;]\" \/>\n<meta property=\"og:url\" content=\"https:\/\/publievolucion.com\/?page_id=5132\" \/>\n<meta property=\"og:site_name\" content=\"Agencia Digital Publievoluci\u00f3n\" \/>\n<meta property=\"article:publisher\" content=\"https:\/\/www.facebook.com\/publievoluciondigitalsb\" \/>\n<meta property=\"article:modified_time\" content=\"2025-09-25T01:18:29+00:00\" \/>\n<meta property=\"og:image\" content=\"http:\/\/publievolucion.com\/wp-content\/uploads\/2024\/12\/LOGO-AGENCIA.jpg\" \/>\n<meta name=\"twitter:card\" content=\"summary_large_image\" \/>\n<meta name=\"twitter:label1\" content=\"Tiempo de lectura\" \/>\n\t<meta name=\"twitter:data1\" content=\"1 minuto\" \/>\n<script type=\"application\/ld+json\" class=\"yoast-schema-graph\">{\"@context\":\"https:\/\/schema.org\",\"@graph\":[{\"@type\":\"WebPage\",\"@id\":\"https:\/\/publievolucion.com\/?page_id=5132\",\"url\":\"https:\/\/publievolucion.com\/?page_id=5132\",\"name\":\"FOTOGRAF\u00cdA PROFESIONAL - Agencia Digital Publievoluci\u00f3n\",\"isPartOf\":{\"@id\":\"https:\/\/publievolucion.com\/#website\"},\"primaryImageOfPage\":{\"@id\":\"https:\/\/publievolucion.com\/?page_id=5132#primaryimage\"},\"image\":{\"@id\":\"https:\/\/publievolucion.com\/?page_id=5132#primaryimage\"},\"thumbnailUrl\":\"http:\/\/publievolucion.com\/wp-content\/uploads\/2024\/12\/LOGO-AGENCIA.jpg\",\"datePublished\":\"2025-03-13T16:29:14+00:00\",\"dateModified\":\"2025-09-25T01:18:29+00:00\",\"breadcrumb\":{\"@id\":\"https:\/\/publievolucion.com\/?page_id=5132#breadcrumb\"},\"inLanguage\":\"es\",\"potentialAction\":[{\"@type\":\"ReadAction\",\"target\":[\"https:\/\/publievolucion.com\/?page_id=5132\"]}]},{\"@type\":\"ImageObject\",\"inLanguage\":\"es\",\"@id\":\"https:\/\/publievolucion.com\/?page_id=5132#primaryimage\",\"url\":\"https:\/\/publievolucion.com\/wp-content\/uploads\/2024\/12\/LOGO-AGENCIA.jpg\",\"contentUrl\":\"https:\/\/publievolucion.com\/wp-content\/uploads\/2024\/12\/LOGO-AGENCIA.jpg\",\"width\":500,\"height\":500},{\"@type\":\"BreadcrumbList\",\"@id\":\"https:\/\/publievolucion.com\/?page_id=5132#breadcrumb\",\"itemListElement\":[{\"@type\":\"ListItem\",\"position\":1,\"name\":\"Portada\",\"item\":\"https:\/\/publievolucion.com\/\"},{\"@type\":\"ListItem\",\"position\":2,\"name\":\"FOTOGRAF\u00cdA PROFESIONAL\"}]},{\"@type\":\"WebSite\",\"@id\":\"https:\/\/publievolucion.com\/#website\",\"url\":\"https:\/\/publievolucion.com\/\",\"name\":\"Agencia Digital Publievoluci\u00f3n\",\"description\":\"Marketing Digital - Dise\u00f1o Web - Gesti\u00f3n de Redes Sociales\",\"publisher\":{\"@id\":\"https:\/\/publievolucion.com\/#organization\"},\"potentialAction\":[{\"@type\":\"SearchAction\",\"target\":{\"@type\":\"EntryPoint\",\"urlTemplate\":\"https:\/\/publievolucion.com\/?s={search_term_string}\"},\"query-input\":\"required name=search_term_string\"}],\"inLanguage\":\"es\"},{\"@type\":\"Organization\",\"@id\":\"https:\/\/publievolucion.com\/#organization\",\"name\":\"Agencia Digital Publievoluci\u00f3n\",\"url\":\"https:\/\/publievolucion.com\/\",\"logo\":{\"@type\":\"ImageObject\",\"inLanguage\":\"es\",\"@id\":\"https:\/\/publievolucion.com\/#\/schema\/logo\/image\/\",\"url\":\"https:\/\/publievolucion.com\/wp-content\/uploads\/2024\/02\/cropped-cropped-Post-de-Facebook-Venta-de-Galletas-Navidenas-Moderno-Dorado-1.jpg\",\"contentUrl\":\"https:\/\/publievolucion.com\/wp-content\/uploads\/2024\/02\/cropped-cropped-Post-de-Facebook-Venta-de-Galletas-Navidenas-Moderno-Dorado-1.jpg\",\"width\":937,\"height\":788,\"caption\":\"Agencia Digital Publievoluci\u00f3n\"},\"image\":{\"@id\":\"https:\/\/publievolucion.com\/#\/schema\/logo\/image\/\"},\"sameAs\":[\"https:\/\/www.facebook.com\/publievoluciondigitalsb\",\"https:\/\/www.instagram.com\/marketing.publievolucion\/\"]}]}<\/script>\n<!-- \/ Yoast SEO plugin. -->","yoast_head_json":{"title":"FOTOGRAF\u00cdA PROFESIONAL - Agencia Digital Publievoluci\u00f3n","robots":{"index":"index","follow":"follow","max-snippet":"max-snippet:-1","max-image-preview":"max-image-preview:large","max-video-preview":"max-video-preview:-1"},"canonical":"https:\/\/publievolucion.com\/?page_id=5132","og_locale":"es_ES","og_type":"article","og_title":"FOTOGRAF\u00cdA PROFESIONAL - Agencia Digital Publievoluci\u00f3n","og_description":"FOTOGRAF\u00cdA Y VIDEO PROFESIONAL fotograf\u00eda y Video Profesional: Contenido Visual que Impulsa Tu Negocio En la era digital, la imagen lo es todo. Una fotograf\u00eda o video de calidad puede marcar la diferencia entre captar la atenci\u00f3n o pasar desapercibido.\u00a0 A trav\u00e9s de una alianza estrat\u00e9gica con expertos en producci\u00f3n audiovisual, ofrecemos contenido visual de [&hellip;]","og_url":"https:\/\/publievolucion.com\/?page_id=5132","og_site_name":"Agencia Digital Publievoluci\u00f3n","article_publisher":"https:\/\/www.facebook.com\/publievoluciondigitalsb","article_modified_time":"2025-09-25T01:18:29+00:00","og_image":[{"url":"http:\/\/publievolucion.com\/wp-content\/uploads\/2024\/12\/LOGO-AGENCIA.jpg"}],"twitter_card":"summary_large_image","twitter_misc":{"Tiempo de lectura":"1 minuto"},"schema":{"@context":"https:\/\/schema.org","@graph":[{"@type":"WebPage","@id":"https:\/\/publievolucion.com\/?page_id=5132","url":"https:\/\/publievolucion.com\/?page_id=5132","name":"FOTOGRAF\u00cdA PROFESIONAL - Agencia Digital Publievoluci\u00f3n","isPartOf":{"@id":"https:\/\/publievolucion.com\/#website"},"primaryImageOfPage":{"@id":"https:\/\/publievolucion.com\/?page_id=5132#primaryimage"},"image":{"@id":"https:\/\/publievolucion.com\/?page_id=5132#primaryimage"},"thumbnailUrl":"http:\/\/publievolucion.com\/wp-content\/uploads\/2024\/12\/LOGO-AGENCIA.jpg","datePublished":"2025-03-13T16:29:14+00:00","dateModified":"2025-09-25T01:18:29+00:00","breadcrumb":{"@id":"https:\/\/publievolucion.com\/?page_id=5132#breadcrumb"},"inLanguage":"es","potentialAction":[{"@type":"ReadAction","target":["https:\/\/publievolucion.com\/?page_id=5132"]}]},{"@type":"ImageObject","inLanguage":"es","@id":"https:\/\/publievolucion.com\/?page_id=5132#primaryimage","url":"https:\/\/publievolucion.com\/wp-content\/uploads\/2024\/12\/LOGO-AGENCIA.jpg","contentUrl":"https:\/\/publievolucion.com\/wp-content\/uploads\/2024\/12\/LOGO-AGENCIA.jpg","width":500,"height":500},{"@type":"BreadcrumbList","@id":"https:\/\/publievolucion.com\/?page_id=5132#breadcrumb","itemListElement":[{"@type":"ListItem","position":1,"name":"Portada","item":"https:\/\/publievolucion.com\/"},{"@type":"ListItem","position":2,"name":"FOTOGRAF\u00cdA PROFESIONAL"}]},{"@type":"WebSite","@id":"https:\/\/publievolucion.com\/#website","url":"https:\/\/publievolucion.com\/","name":"Agencia Digital Publievoluci\u00f3n","description":"Marketing Digital - Dise\u00f1o Web - Gesti\u00f3n de Redes Sociales","publisher":{"@id":"https:\/\/publievolucion.com\/#organization"},"potentialAction":[{"@type":"SearchAction","target":{"@type":"EntryPoint","urlTemplate":"https:\/\/publievolucion.com\/?s={search_term_string}"},"query-input":"required name=search_term_string"}],"inLanguage":"es"},{"@type":"Organization","@id":"https:\/\/publievolucion.com\/#organization","name":"Agencia Digital Publievoluci\u00f3n","url":"https:\/\/publievolucion.com\/","logo":{"@type":"ImageObject","inLanguage":"es","@id":"https:\/\/publievolucion.com\/#\/schema\/logo\/image\/","url":"https:\/\/publievolucion.com\/wp-content\/uploads\/2024\/02\/cropped-cropped-Post-de-Facebook-Venta-de-Galletas-Navidenas-Moderno-Dorado-1.jpg","contentUrl":"https:\/\/publievolucion.com\/wp-content\/uploads\/2024\/02\/cropped-cropped-Post-de-Facebook-Venta-de-Galletas-Navidenas-Moderno-Dorado-1.jpg","width":937,"height":788,"caption":"Agencia Digital Publievoluci\u00f3n"},"image":{"@id":"https:\/\/publievolucion.com\/#\/schema\/logo\/image\/"},"sameAs":["https:\/\/www.facebook.com\/publievoluciondigitalsb","https:\/\/www.instagram.com\/marketing.publievolucion\/"]}]}},"_links":{"self":[{"href":"https:\/\/publievolucion.com\/index.php?rest_route=\/wp\/v2\/pages\/5132","targetHints":{"allow":["GET"]}}],"collection":[{"href":"https:\/\/publievolucion.com\/index.php?rest_route=\/wp\/v2\/pages"}],"about":[{"href":"https:\/\/publievolucion.com\/index.php?rest_route=\/wp\/v2\/types\/page"}],"author":[{"embeddable":true,"href":"https:\/\/publievolucion.com\/index.php?rest_route=\/wp\/v2\/users\/1"}],"replies":[{"embeddable":true,"href":"https:\/\/publievolucion.com\/index.php?rest_route=%2Fwp%2Fv2%2Fcomments&post=5132"}],"version-history":[{"count":26,"href":"https:\/\/publievolucion.com\/index.php?rest_route=\/wp\/v2\/pages\/5132\/revisions"}],"predecessor-version":[{"id":6048,"href":"https:\/\/publievolucion.com\/index.php?rest_route=\/wp\/v2\/pages\/5132\/revisions\/6048"}],"wp:attachment":[{"href":"https:\/\/publievolucion.com\/index.php?rest_route=%2Fwp%2Fv2%2Fmedia&parent=5132"}],"curies":[{"name":"wp","href":"https:\/\/api.w.org\/{rel}","templated":true}]}}