{"id":3424,"date":"2024-03-05T13:41:01","date_gmt":"2024-03-05T18:41:01","guid":{"rendered":"http:\/\/publievolucion.com\/?page_id=3424"},"modified":"2025-09-24T20:19:09","modified_gmt":"2025-09-25T01:19:09","slug":"contactanos","status":"publish","type":"page","link":"https:\/\/publievolucion.com\/?page_id=3424","title":{"rendered":"CONT\u00c1CTANOS"},"content":{"rendered":"\t\t<div data-elementor-type=\"wp-page\" data-elementor-id=\"3424\" class=\"elementor elementor-3424\">\n\t\t\t\t<div class=\"elementor-element elementor-element-8fb297d e-con-full e-flex e-con e-child\" data-id=\"8fb297d\" data-element_type=\"container\" data-settings=\"{&quot;shape_divider_top&quot;:&quot;mountains&quot;}\">\n\t\t\t\t<div class=\"elementor-shape elementor-shape-top\" data-negative=\"false\">\n\t\t\t<svg xmlns=\"http:\/\/www.w3.org\/2000\/svg\" viewBox=\"0 0 1000 100\" preserveAspectRatio=\"none\">\n\t<path class=\"elementor-shape-fill\" opacity=\"0.33\" d=\"M473,67.3c-203.9,88.3-263.1-34-320.3,0C66,119.1,0,59.7,0,59.7V0h1000v59.7 c0,0-62.1,26.1-94.9,29.3c-32.8,3.3-62.8-12.3-75.8-22.1C806,49.6,745.3,8.7,694.9,4.7S492.4,59,473,67.3z\"\/>\n\t<path class=\"elementor-shape-fill\" opacity=\"0.66\" d=\"M734,67.3c-45.5,0-77.2-23.2-129.1-39.1c-28.6-8.7-150.3-10.1-254,39.1 s-91.7-34.4-149.2,0C115.7,118.3,0,39.8,0,39.8V0h1000v36.5c0,0-28.2-18.5-92.1-18.5C810.2,18.1,775.7,67.3,734,67.3z\"\/>\n\t<path class=\"elementor-shape-fill\" d=\"M766.1,28.9c-200-57.5-266,65.5-395.1,19.5C242,1.8,242,5.4,184.8,20.6C128,35.8,132.3,44.9,89.9,52.5C28.6,63.7,0,0,0,0 h1000c0,0-9.9,40.9-83.6,48.1S829.6,47,766.1,28.9z\"\/>\n<\/svg>\t\t<\/div>\n\t\t\t\t<\/div>\n\t\t<div class=\"elementor-element elementor-element-fd8459b e-con-full e-flex e-con e-parent\" data-id=\"fd8459b\" data-element_type=\"container\">\n\t\t<div class=\"elementor-element elementor-element-9fc3d05 e-flex e-con-boxed e-con e-child\" data-id=\"9fc3d05\" data-element_type=\"container\">\n\t\t\t\t\t<div class=\"e-con-inner\">\n\t\t<div class=\"elementor-element elementor-element-b33046c e-con-full e-flex e-con e-child\" data-id=\"b33046c\" data-element_type=\"container\">\n\t\t<div class=\"elementor-element elementor-element-1c9bd46 e-con-full e-flex e-con e-child\" data-id=\"1c9bd46\" data-element_type=\"container\">\n\t\t\t\t<div class=\"elementor-element elementor-element-1cf40b6 elementor-align-center elementor-mobile-align-left elementor-widget elementor-widget-button\" data-id=\"1cf40b6\" data-element_type=\"widget\" data-widget_type=\"button.default\">\n\t\t\t\t<div class=\"elementor-widget-container\">\n\t\t\t\t\t\t\t\t\t<div class=\"elementor-button-wrapper\">\n\t\t\t\t\t<a class=\"elementor-button elementor-button-link elementor-size-sm\" href=\"#elementor-action%3Aaction%3Dpopup%3Aopen%26settings%3DeyJpZCI6IjU2NTciLCJ0b2dnbGUiOmZhbHNlfQ%3D%3D\" emergente=\"\">\n\t\t\t\t\t\t<span class=\"elementor-button-content-wrapper\">\n\t\t\t\t\t\t<span class=\"elementor-button-icon\">\n\t\t\t\t<i aria-hidden=\"true\" class=\"fas fa-bars\"><\/i>\t\t\t<\/span>\n\t\t\t\t\t\t\t\t<\/span>\n\t\t\t\t\t<\/a>\n\t\t\t\t<\/div>\n\t\t\t\t\t\t\t\t<\/div>\n\t\t\t\t<\/div>\n\t\t\t\t<\/div>\n\t\t<div class=\"elementor-element elementor-element-a46cc94 e-con-full e-flex e-con e-child\" data-id=\"a46cc94\" data-element_type=\"container\">\n\t\t\t\t<div class=\"elementor-element elementor-element-41decdf elementor-widget elementor-widget-image\" data-id=\"41decdf\" data-element_type=\"widget\" data-widget_type=\"image.default\">\n\t\t\t\t<div class=\"elementor-widget-container\">\n\t\t\t\t\t\t\t\t\t\t\t\t\t\t\t<img fetchpriority=\"high\" decoding=\"async\" width=\"500\" height=\"500\" src=\"https:\/\/publievolucion.com\/wp-content\/uploads\/2024\/12\/LOGO-AGENCIA.jpg\" class=\"attachment-large size-large wp-image-4663\" alt=\"\" srcset=\"https:\/\/publievolucion.com\/wp-content\/uploads\/2024\/12\/LOGO-AGENCIA.jpg 500w, https:\/\/publievolucion.com\/wp-content\/uploads\/2024\/12\/LOGO-AGENCIA-300x300.jpg 300w, https:\/\/publievolucion.com\/wp-content\/uploads\/2024\/12\/LOGO-AGENCIA-150x150.jpg 150w\" sizes=\"(max-width: 500px) 100vw, 500px\" \/>\t\t\t\t\t\t\t\t\t\t\t\t\t\t\t<\/div>\n\t\t\t\t<\/div>\n\t\t\t\t<\/div>\n\t\t\t\t<\/div>\n\t\t\t\t\t<\/div>\n\t\t\t\t<\/div>\n\t\t\t\t<\/div>\n\t\t<div class=\"elementor-element elementor-element-da8af43 e-flex e-con-boxed e-con e-parent\" data-id=\"da8af43\" data-element_type=\"container\">\n\t\t\t\t\t<div class=\"e-con-inner\">\n\t\t<div class=\"elementor-element elementor-element-56bf68e e-flex e-con-boxed e-con e-child\" data-id=\"56bf68e\" data-element_type=\"container\">\n\t\t\t\t\t<div class=\"e-con-inner\">\n\t\t<div class=\"elementor-element elementor-element-5491c1f e-flex e-con-boxed e-con e-child\" data-id=\"5491c1f\" data-element_type=\"container\">\n\t\t\t\t\t<div class=\"e-con-inner\">\n\t\t<div class=\"elementor-element elementor-element-219aa44 e-flex e-con-boxed e-con e-child\" data-id=\"219aa44\" data-element_type=\"container\" data-settings=\"{&quot;background_background&quot;:&quot;classic&quot;}\">\n\t\t\t\t\t<div class=\"e-con-inner\">\n\t\t<div class=\"elementor-element elementor-element-7436580 e-con-full e-flex e-con e-child\" data-id=\"7436580\" data-element_type=\"container\">\n\t\t\t\t<div class=\"elementor-element elementor-element-ef63357 elementor-invisible elementor-widget elementor-widget-heading\" data-id=\"ef63357\" data-element_type=\"widget\" data-settings=\"{&quot;_animation&quot;:&quot;fadeInDown&quot;}\" data-widget_type=\"heading.default\">\n\t\t\t\t<div class=\"elementor-widget-container\">\n\t\t\t\t\t<h1 class=\"elementor-heading-title elementor-size-default\">CONT\u00c1CTANOS<\/h1>\t\t\t\t<\/div>\n\t\t\t\t<\/div>\n\t\t\t\t<\/div>\n\t\t\t\t\t<\/div>\n\t\t\t\t<\/div>\n\t\t\t\t\t<\/div>\n\t\t\t\t<\/div>\n\t\t\t\t\t<\/div>\n\t\t\t\t<\/div>\n\t\t\t\t\t<\/div>\n\t\t\t\t<\/div>\n\t\t<div class=\"elementor-element elementor-element-0966d36 e-flex e-con-boxed e-con e-parent\" data-id=\"0966d36\" data-element_type=\"container\">\n\t\t\t\t\t<div class=\"e-con-inner\">\n\t\t\t\t<div class=\"elementor-element elementor-element-2fef7c8 elementor-widget elementor-widget-heading\" data-id=\"2fef7c8\" data-element_type=\"widget\" data-widget_type=\"heading.default\">\n\t\t\t\t<div class=\"elementor-widget-container\">\n\t\t\t\t\t<h2 class=\"elementor-heading-title elementor-size-default\">\u00a1Hablemos Sobre Tu Pr\u00f3ximo Proyecto!<\/h2>\t\t\t\t<\/div>\n\t\t\t\t<\/div>\n\t\t\t\t\t<\/div>\n\t\t\t\t<\/div>\n\t\t\t\t<section class=\"elementor-section elementor-top-section elementor-element elementor-element-589ba59 elementor-section-boxed elementor-section-height-default elementor-section-height-default\" data-id=\"589ba59\" data-element_type=\"section\">\n\t\t\t\t\t\t<div class=\"elementor-container elementor-column-gap-default\">\n\t\t\t\t\t<div class=\"elementor-column elementor-col-100 elementor-top-column elementor-element elementor-element-8c9cc39\" data-id=\"8c9cc39\" data-element_type=\"column\">\n\t\t\t<div class=\"elementor-widget-wrap elementor-element-populated\">\n\t\t\t\t\t\t<div class=\"elementor-element elementor-element-bbb52bc elementor-widget elementor-widget-text-editor\" data-id=\"bbb52bc\" data-element_type=\"widget\" data-widget_type=\"text-editor.default\">\n\t\t\t\t<div class=\"elementor-widget-container\">\n\t\t\t\t\t\t\t\t\t<p>Estamos listos para ayudarte a impulsar tu negocio con estrategias digitales efectivas.\u00a0<\/p><p>Ya sea que necesites una p\u00e1gina web, gesti\u00f3n de redes sociales, campa\u00f1as publicitarias o contenido visual de alto impacto, estamos aqu\u00ed para convertir tus ideas en resultados.<\/p>\t\t\t\t\t\t\t\t<\/div>\n\t\t\t\t<\/div>\n\t\t\t\t\t<\/div>\n\t\t<\/div>\n\t\t\t\t\t<\/div>\n\t\t<\/section>\n\t\t\t\t<section class=\"elementor-section elementor-top-section elementor-element elementor-element-820db96 elementor-section-boxed elementor-section-height-default elementor-section-height-default\" data-id=\"820db96\" data-element_type=\"section\">\n\t\t\t\t\t\t<div class=\"elementor-container elementor-column-gap-default\">\n\t\t\t\t\t<div class=\"elementor-column elementor-col-100 elementor-top-column elementor-element elementor-element-bab10b6\" data-id=\"bab10b6\" data-element_type=\"column\">\n\t\t\t<div class=\"elementor-widget-wrap elementor-element-populated\">\n\t\t\t\t\t\t<div class=\"elementor-element elementor-element-d0e72fd elementor-widget elementor-widget-text-editor\" data-id=\"d0e72fd\" data-element_type=\"widget\" data-widget_type=\"text-editor.default\">\n\t\t\t\t<div class=\"elementor-widget-container\">\n\t\t\t\t\t\t\t\t\t<p><strong data-start=\"334\" data-end=\"398\">\u00bfTienes una consulta o quieres una cotizaci\u00f3n personalizada?<\/strong>&nbsp;<\/p>\n<p><b>Escr\u00edbenos y te responderemos lo antes posible.<\/b><\/p>\t\t\t\t\t\t\t\t<\/div>\n\t\t\t\t<\/div>\n\t\t\t\t\t<\/div>\n\t\t<\/div>\n\t\t\t\t\t<\/div>\n\t\t<\/section>\n\t\t<div class=\"elementor-element elementor-element-b191d4b e-flex e-con-boxed e-con e-parent\" data-id=\"b191d4b\" data-element_type=\"container\">\n\t\t\t\t\t<div class=\"e-con-inner\">\n\t\t\t\t<div class=\"elementor-element elementor-element-33a8da5 elementor-widget elementor-widget-image\" data-id=\"33a8da5\" data-element_type=\"widget\" data-widget_type=\"image.default\">\n\t\t\t\t<div class=\"elementor-widget-container\">\n\t\t\t\t\t\t\t\t\t\t\t\t\t\t\t<img decoding=\"async\" width=\"1024\" height=\"576\" src=\"https:\/\/publievolucion.com\/wp-content\/uploads\/2025\/03\/Introduction-28-1024x576.png\" class=\"attachment-large size-large wp-image-5747\" alt=\"\" srcset=\"https:\/\/publievolucion.com\/wp-content\/uploads\/2025\/03\/Introduction-28-1024x576.png 1024w, https:\/\/publievolucion.com\/wp-content\/uploads\/2025\/03\/Introduction-28-300x169.png 300w, https:\/\/publievolucion.com\/wp-content\/uploads\/2025\/03\/Introduction-28-768x432.png 768w, https:\/\/publievolucion.com\/wp-content\/uploads\/2025\/03\/Introduction-28-1536x864.png 1536w, https:\/\/publievolucion.com\/wp-content\/uploads\/2025\/03\/Introduction-28.png 1920w\" sizes=\"(max-width: 1024px) 100vw, 1024px\" \/>\t\t\t\t\t\t\t\t\t\t\t\t\t\t\t<\/div>\n\t\t\t\t<\/div>\n\t\t\t\t\t<\/div>\n\t\t\t\t<\/div>\n\t\t<div class=\"elementor-element elementor-element-0e7b425 e-flex e-con-boxed e-con e-parent\" data-id=\"0e7b425\" data-element_type=\"container\">\n\t\t\t\t\t<div class=\"e-con-inner\">\n\t\t\t\t<div class=\"elementor-element elementor-element-de3d64e elementor-widget elementor-widget-text-editor\" data-id=\"de3d64e\" data-element_type=\"widget\" data-widget_type=\"text-editor.default\">\n\t\t\t\t<div class=\"elementor-widget-container\">\n\t\t\t\t\t\t\t\t\t<h3 style=\"text-align: center;\" data-start=\"455\" data-end=\"485\">\u00a0<\/h3><p data-start=\"487\" data-end=\"683\"><img decoding=\"async\" class=\"emoji\" role=\"img\" draggable=\"false\" src=\"https:\/\/s.w.org\/images\/core\/emoji\/15.0.3\/svg\/1f4cd.svg\" alt=\"\ud83d\udccd\" \/> <strong data-start=\"490\" data-end=\"504\">Ubicaci\u00f3n:<\/strong>\u00a0Bogot\u00e1 &#8211; Colombia<br data-start=\"539\" data-end=\"542\" \/><img decoding=\"async\" class=\"emoji\" role=\"img\" draggable=\"false\" src=\"https:\/\/s.w.org\/images\/core\/emoji\/15.0.3\/svg\/1f4e7.svg\" alt=\"\ud83d\udce7\" \/> <strong data-start=\"545\" data-end=\"568\">Correo Electr\u00f3nico:<\/strong>\u00a0gerencia@publievolucion.com<br data-start=\"591\" data-end=\"594\" \/><img decoding=\"async\" class=\"emoji\" role=\"img\" draggable=\"false\" src=\"https:\/\/s.w.org\/images\/core\/emoji\/15.0.3\/svg\/1f4de.svg\" alt=\"\ud83d\udcde\" \/> <strong data-start=\"597\" data-end=\"621\">Tel\u00e9fono \/ WhatsApp: 57 3168676782<\/strong><br data-start=\"645\" data-end=\"648\" \/><img decoding=\"async\" class=\"emoji\" role=\"img\" draggable=\"false\" src=\"https:\/\/s.w.org\/images\/core\/emoji\/15.0.3\/svg\/1f310.svg\" alt=\"\ud83c\udf10\" \/> <strong data-start=\"651\" data-end=\"665\">Sitio Web:<\/strong>\u00a0www.publievolucion.com<\/p><p data-start=\"685\" data-end=\"830\">\u00a0<\/p>\t\t\t\t\t\t\t\t<\/div>\n\t\t\t\t<\/div>\n\t\t\t\t\t<\/div>\n\t\t\t\t<\/div>\n\t\t\t\t<section class=\"elementor-section elementor-top-section elementor-element elementor-element-041ca3c elementor-section-boxed elementor-section-height-default elementor-section-height-default\" data-id=\"041ca3c\" data-element_type=\"section\">\n\t\t\t\t\t\t<div class=\"elementor-container elementor-column-gap-default\">\n\t\t\t\t\t<div class=\"elementor-column elementor-col-100 elementor-top-column elementor-element elementor-element-973c5fb\" data-id=\"973c5fb\" data-element_type=\"column\">\n\t\t\t<div class=\"elementor-widget-wrap\">\n\t\t\t\t\t\t\t<\/div>\n\t\t<\/div>\n\t\t\t\t\t<\/div>\n\t\t<\/section>\n\t\t\t\t<\/div>\n\t\t","protected":false},"excerpt":{"rendered":"<p>CONT\u00c1CTANOS \u00a1Hablemos Sobre Tu Pr\u00f3ximo Proyecto! Estamos listos para ayudarte a impulsar tu negocio con estrategias digitales efectivas.\u00a0 Ya sea que necesites una p\u00e1gina web, gesti\u00f3n de redes sociales, campa\u00f1as publicitarias o contenido visual de alto impacto, estamos aqu\u00ed para convertir tus ideas en resultados. \u00bfTienes una consulta o quieres una cotizaci\u00f3n personalizada?&nbsp; Escr\u00edbenos y [&hellip;]<\/p>\n","protected":false},"author":1,"featured_media":3186,"parent":0,"menu_order":0,"comment_status":"closed","ping_status":"closed","template":"elementor_header_footer","meta":{"site-sidebar-layout":"no-sidebar","site-content-layout":"","ast-site-content-layout":"full-width-container","site-content-style":"default","site-sidebar-style":"default","ast-global-header-display":"","ast-banner-title-visibility":"","ast-main-header-display":"","ast-hfb-above-header-display":"","ast-hfb-below-header-display":"","ast-hfb-mobile-header-display":"","site-post-title":"disabled","ast-breadcrumbs-content":"","ast-featured-img":"disabled","footer-sml-layout":"","theme-transparent-header-meta":"","adv-header-id-meta":"","stick-header-meta":"","header-above-stick-meta":"","header-main-stick-meta":"","header-below-stick-meta":"","astra-migrate-meta-layouts":"default","ast-page-background-enabled":"default","ast-page-background-meta":{"desktop":{"background-color":"","background-image":"","background-repeat":"repeat","background-position":"center center","background-size":"auto","background-attachment":"scroll","background-type":"","background-media":"","overlay-type":"","overlay-color":"","overlay-gradient":""},"tablet":{"background-color":"","background-image":"","background-repeat":"repeat","background-position":"center center","background-size":"auto","background-attachment":"scroll","background-type":"","background-media":"","overlay-type":"","overlay-color":"","overlay-gradient":""},"mobile":{"background-color":"","background-image":"","background-repeat":"repeat","background-position":"center center","background-size":"auto","background-attachment":"scroll","background-type":"","background-media":"","overlay-type":"","overlay-color":"","overlay-gradient":""}},"ast-content-background-meta":{"desktop":{"background-color":"var(--ast-global-color-5)","background-image":"","background-repeat":"repeat","background-position":"center center","background-size":"auto","background-attachment":"scroll","background-type":"","background-media":"","overlay-type":"","overlay-color":"","overlay-gradient":""},"tablet":{"background-color":"var(--ast-global-color-5)","background-image":"","background-repeat":"repeat","background-position":"center center","background-size":"auto","background-attachment":"scroll","background-type":"","background-media":"","overlay-type":"","overlay-color":"","overlay-gradient":""},"mobile":{"background-color":"var(--ast-global-color-5)","background-image":"","background-repeat":"repeat","background-position":"center center","background-size":"auto","background-attachment":"scroll","background-type":"","background-media":"","overlay-type":"","overlay-color":"","overlay-gradient":""}},"_joinchat":[],"footnotes":""},"class_list":["post-3424","page","type-page","status-publish","has-post-thumbnail","hentry"],"yoast_head":"<!-- This site is optimized with the Yoast SEO plugin v22.5 - https:\/\/yoast.com\/wordpress\/plugins\/seo\/ -->\n<title>CONT\u00c1CTANOS - Agencia Digital Publievoluci\u00f3n<\/title>\n<meta name=\"robots\" content=\"index, follow, max-snippet:-1, max-image-preview:large, max-video-preview:-1\" \/>\n<link rel=\"canonical\" href=\"https:\/\/publievolucion.com\/?page_id=3424\" \/>\n<meta property=\"og:locale\" content=\"es_ES\" \/>\n<meta property=\"og:type\" content=\"article\" \/>\n<meta property=\"og:title\" content=\"CONT\u00c1CTANOS - Agencia Digital Publievoluci\u00f3n\" \/>\n<meta property=\"og:description\" content=\"CONT\u00c1CTANOS \u00a1Hablemos Sobre Tu Pr\u00f3ximo Proyecto! Estamos listos para ayudarte a impulsar tu negocio con estrategias digitales efectivas.\u00a0 Ya sea que necesites una p\u00e1gina web, gesti\u00f3n de redes sociales, campa\u00f1as publicitarias o contenido visual de alto impacto, estamos aqu\u00ed para convertir tus ideas en resultados. \u00bfTienes una consulta o quieres una cotizaci\u00f3n personalizada?&nbsp; Escr\u00edbenos y [&hellip;]\" \/>\n<meta property=\"og:url\" content=\"https:\/\/publievolucion.com\/?page_id=3424\" \/>\n<meta property=\"og:site_name\" content=\"Agencia Digital Publievoluci\u00f3n\" \/>\n<meta property=\"article:publisher\" content=\"https:\/\/www.facebook.com\/publievoluciondigitalsb\" \/>\n<meta property=\"article:modified_time\" content=\"2025-09-25T01:19:09+00:00\" \/>\n<meta property=\"og:image\" content=\"http:\/\/publievolucion.com\/wp-content\/uploads\/2024\/02\/Post-de-Facebook-Venta-de-Galletas-Navidenas-Moderno-Dorado-1.jpg\" \/>\n\t<meta property=\"og:image:width\" content=\"940\" \/>\n\t<meta property=\"og:image:height\" content=\"788\" \/>\n\t<meta property=\"og:image:type\" content=\"image\/jpeg\" \/>\n<meta name=\"twitter:card\" content=\"summary_large_image\" \/>\n<meta name=\"twitter:label1\" content=\"Tiempo de lectura\" \/>\n\t<meta name=\"twitter:data1\" content=\"2 minutos\" \/>\n<script type=\"application\/ld+json\" class=\"yoast-schema-graph\">{\"@context\":\"https:\/\/schema.org\",\"@graph\":[{\"@type\":\"WebPage\",\"@id\":\"https:\/\/publievolucion.com\/?page_id=3424\",\"url\":\"https:\/\/publievolucion.com\/?page_id=3424\",\"name\":\"CONT\u00c1CTANOS - Agencia Digital Publievoluci\u00f3n\",\"isPartOf\":{\"@id\":\"https:\/\/publievolucion.com\/#website\"},\"primaryImageOfPage\":{\"@id\":\"https:\/\/publievolucion.com\/?page_id=3424#primaryimage\"},\"image\":{\"@id\":\"https:\/\/publievolucion.com\/?page_id=3424#primaryimage\"},\"thumbnailUrl\":\"https:\/\/publievolucion.com\/wp-content\/uploads\/2024\/02\/Post-de-Facebook-Venta-de-Galletas-Navidenas-Moderno-Dorado-1.jpg\",\"datePublished\":\"2024-03-05T18:41:01+00:00\",\"dateModified\":\"2025-09-25T01:19:09+00:00\",\"breadcrumb\":{\"@id\":\"https:\/\/publievolucion.com\/?page_id=3424#breadcrumb\"},\"inLanguage\":\"es\",\"potentialAction\":[{\"@type\":\"ReadAction\",\"target\":[\"https:\/\/publievolucion.com\/?page_id=3424\"]}]},{\"@type\":\"ImageObject\",\"inLanguage\":\"es\",\"@id\":\"https:\/\/publievolucion.com\/?page_id=3424#primaryimage\",\"url\":\"https:\/\/publievolucion.com\/wp-content\/uploads\/2024\/02\/Post-de-Facebook-Venta-de-Galletas-Navidenas-Moderno-Dorado-1.jpg\",\"contentUrl\":\"https:\/\/publievolucion.com\/wp-content\/uploads\/2024\/02\/Post-de-Facebook-Venta-de-Galletas-Navidenas-Moderno-Dorado-1.jpg\",\"width\":940,\"height\":788},{\"@type\":\"BreadcrumbList\",\"@id\":\"https:\/\/publievolucion.com\/?page_id=3424#breadcrumb\",\"itemListElement\":[{\"@type\":\"ListItem\",\"position\":1,\"name\":\"Portada\",\"item\":\"https:\/\/publievolucion.com\/\"},{\"@type\":\"ListItem\",\"position\":2,\"name\":\"CONT\u00c1CTANOS\"}]},{\"@type\":\"WebSite\",\"@id\":\"https:\/\/publievolucion.com\/#website\",\"url\":\"https:\/\/publievolucion.com\/\",\"name\":\"Agencia Digital Publievoluci\u00f3n\",\"description\":\"Marketing Digital - Dise\u00f1o Web - Gesti\u00f3n de Redes Sociales\",\"publisher\":{\"@id\":\"https:\/\/publievolucion.com\/#organization\"},\"potentialAction\":[{\"@type\":\"SearchAction\",\"target\":{\"@type\":\"EntryPoint\",\"urlTemplate\":\"https:\/\/publievolucion.com\/?s={search_term_string}\"},\"query-input\":\"required name=search_term_string\"}],\"inLanguage\":\"es\"},{\"@type\":\"Organization\",\"@id\":\"https:\/\/publievolucion.com\/#organization\",\"name\":\"Agencia Digital Publievoluci\u00f3n\",\"url\":\"https:\/\/publievolucion.com\/\",\"logo\":{\"@type\":\"ImageObject\",\"inLanguage\":\"es\",\"@id\":\"https:\/\/publievolucion.com\/#\/schema\/logo\/image\/\",\"url\":\"https:\/\/publievolucion.com\/wp-content\/uploads\/2024\/02\/cropped-cropped-Post-de-Facebook-Venta-de-Galletas-Navidenas-Moderno-Dorado-1.jpg\",\"contentUrl\":\"https:\/\/publievolucion.com\/wp-content\/uploads\/2024\/02\/cropped-cropped-Post-de-Facebook-Venta-de-Galletas-Navidenas-Moderno-Dorado-1.jpg\",\"width\":937,\"height\":788,\"caption\":\"Agencia Digital Publievoluci\u00f3n\"},\"image\":{\"@id\":\"https:\/\/publievolucion.com\/#\/schema\/logo\/image\/\"},\"sameAs\":[\"https:\/\/www.facebook.com\/publievoluciondigitalsb\",\"https:\/\/www.instagram.com\/marketing.publievolucion\/\"]}]}<\/script>\n<!-- \/ Yoast SEO plugin. -->","yoast_head_json":{"title":"CONT\u00c1CTANOS - Agencia Digital Publievoluci\u00f3n","robots":{"index":"index","follow":"follow","max-snippet":"max-snippet:-1","max-image-preview":"max-image-preview:large","max-video-preview":"max-video-preview:-1"},"canonical":"https:\/\/publievolucion.com\/?page_id=3424","og_locale":"es_ES","og_type":"article","og_title":"CONT\u00c1CTANOS - Agencia Digital Publievoluci\u00f3n","og_description":"CONT\u00c1CTANOS \u00a1Hablemos Sobre Tu Pr\u00f3ximo Proyecto! Estamos listos para ayudarte a impulsar tu negocio con estrategias digitales efectivas.\u00a0 Ya sea que necesites una p\u00e1gina web, gesti\u00f3n de redes sociales, campa\u00f1as publicitarias o contenido visual de alto impacto, estamos aqu\u00ed para convertir tus ideas en resultados. \u00bfTienes una consulta o quieres una cotizaci\u00f3n personalizada?&nbsp; Escr\u00edbenos y [&hellip;]","og_url":"https:\/\/publievolucion.com\/?page_id=3424","og_site_name":"Agencia Digital Publievoluci\u00f3n","article_publisher":"https:\/\/www.facebook.com\/publievoluciondigitalsb","article_modified_time":"2025-09-25T01:19:09+00:00","og_image":[{"width":940,"height":788,"url":"http:\/\/publievolucion.com\/wp-content\/uploads\/2024\/02\/Post-de-Facebook-Venta-de-Galletas-Navidenas-Moderno-Dorado-1.jpg","type":"image\/jpeg"}],"twitter_card":"summary_large_image","twitter_misc":{"Tiempo de lectura":"2 minutos"},"schema":{"@context":"https:\/\/schema.org","@graph":[{"@type":"WebPage","@id":"https:\/\/publievolucion.com\/?page_id=3424","url":"https:\/\/publievolucion.com\/?page_id=3424","name":"CONT\u00c1CTANOS - Agencia Digital Publievoluci\u00f3n","isPartOf":{"@id":"https:\/\/publievolucion.com\/#website"},"primaryImageOfPage":{"@id":"https:\/\/publievolucion.com\/?page_id=3424#primaryimage"},"image":{"@id":"https:\/\/publievolucion.com\/?page_id=3424#primaryimage"},"thumbnailUrl":"https:\/\/publievolucion.com\/wp-content\/uploads\/2024\/02\/Post-de-Facebook-Venta-de-Galletas-Navidenas-Moderno-Dorado-1.jpg","datePublished":"2024-03-05T18:41:01+00:00","dateModified":"2025-09-25T01:19:09+00:00","breadcrumb":{"@id":"https:\/\/publievolucion.com\/?page_id=3424#breadcrumb"},"inLanguage":"es","potentialAction":[{"@type":"ReadAction","target":["https:\/\/publievolucion.com\/?page_id=3424"]}]},{"@type":"ImageObject","inLanguage":"es","@id":"https:\/\/publievolucion.com\/?page_id=3424#primaryimage","url":"https:\/\/publievolucion.com\/wp-content\/uploads\/2024\/02\/Post-de-Facebook-Venta-de-Galletas-Navidenas-Moderno-Dorado-1.jpg","contentUrl":"https:\/\/publievolucion.com\/wp-content\/uploads\/2024\/02\/Post-de-Facebook-Venta-de-Galletas-Navidenas-Moderno-Dorado-1.jpg","width":940,"height":788},{"@type":"BreadcrumbList","@id":"https:\/\/publievolucion.com\/?page_id=3424#breadcrumb","itemListElement":[{"@type":"ListItem","position":1,"name":"Portada","item":"https:\/\/publievolucion.com\/"},{"@type":"ListItem","position":2,"name":"CONT\u00c1CTANOS"}]},{"@type":"WebSite","@id":"https:\/\/publievolucion.com\/#website","url":"https:\/\/publievolucion.com\/","name":"Agencia Digital Publievoluci\u00f3n","description":"Marketing Digital - Dise\u00f1o Web - Gesti\u00f3n de Redes Sociales","publisher":{"@id":"https:\/\/publievolucion.com\/#organization"},"potentialAction":[{"@type":"SearchAction","target":{"@type":"EntryPoint","urlTemplate":"https:\/\/publievolucion.com\/?s={search_term_string}"},"query-input":"required name=search_term_string"}],"inLanguage":"es"},{"@type":"Organization","@id":"https:\/\/publievolucion.com\/#organization","name":"Agencia Digital Publievoluci\u00f3n","url":"https:\/\/publievolucion.com\/","logo":{"@type":"ImageObject","inLanguage":"es","@id":"https:\/\/publievolucion.com\/#\/schema\/logo\/image\/","url":"https:\/\/publievolucion.com\/wp-content\/uploads\/2024\/02\/cropped-cropped-Post-de-Facebook-Venta-de-Galletas-Navidenas-Moderno-Dorado-1.jpg","contentUrl":"https:\/\/publievolucion.com\/wp-content\/uploads\/2024\/02\/cropped-cropped-Post-de-Facebook-Venta-de-Galletas-Navidenas-Moderno-Dorado-1.jpg","width":937,"height":788,"caption":"Agencia Digital Publievoluci\u00f3n"},"image":{"@id":"https:\/\/publievolucion.com\/#\/schema\/logo\/image\/"},"sameAs":["https:\/\/www.facebook.com\/publievoluciondigitalsb","https:\/\/www.instagram.com\/marketing.publievolucion\/"]}]}},"_links":{"self":[{"href":"https:\/\/publievolucion.com\/index.php?rest_route=\/wp\/v2\/pages\/3424","targetHints":{"allow":["GET"]}}],"collection":[{"href":"https:\/\/publievolucion.com\/index.php?rest_route=\/wp\/v2\/pages"}],"about":[{"href":"https:\/\/publievolucion.com\/index.php?rest_route=\/wp\/v2\/types\/page"}],"author":[{"embeddable":true,"href":"https:\/\/publievolucion.com\/index.php?rest_route=\/wp\/v2\/users\/1"}],"replies":[{"embeddable":true,"href":"https:\/\/publievolucion.com\/index.php?rest_route=%2Fwp%2Fv2%2Fcomments&post=3424"}],"version-history":[{"count":46,"href":"https:\/\/publievolucion.com\/index.php?rest_route=\/wp\/v2\/pages\/3424\/revisions"}],"predecessor-version":[{"id":6051,"href":"https:\/\/publievolucion.com\/index.php?rest_route=\/wp\/v2\/pages\/3424\/revisions\/6051"}],"wp:featuredmedia":[{"embeddable":true,"href":"https:\/\/publievolucion.com\/index.php?rest_route=\/wp\/v2\/media\/3186"}],"wp:attachment":[{"href":"https:\/\/publievolucion.com\/index.php?rest_route=%2Fwp%2Fv2%2Fmedia&parent=3424"}],"curies":[{"name":"wp","href":"https:\/\/api.w.org\/{rel}","templated":true}]}}